{"id":7327,"date":"2024-06-23T23:57:46","date_gmt":"2024-06-23T23:57:46","guid":{"rendered":"https:\/\/magnetiplast.com\/?page_id=7327"},"modified":"2024-06-29T10:00:49","modified_gmt":"2024-06-29T10:00:49","slug":"blog","status":"publish","type":"page","link":"https:\/\/magnetiplast.com\/tr\/blog\/","title":{"rendered":"Blog"},"content":{"rendered":"\t\t<div data-elementor-type=\"wp-page\" data-elementor-id=\"7327\" class=\"elementor elementor-7327\">\n\t\t\t\t\t\t\t\t\t<section class=\"elementor-section elementor-top-section elementor-element elementor-element-54a2efa elementor-section-boxed elementor-section-height-default elementor-section-height-default\" data-id=\"54a2efa\" data-element_type=\"section\">\n\t\t\t\t\t\t<div class=\"elementor-container elementor-column-gap-default\">\n\t\t\t\t\t<div class=\"elementor-column elementor-col-100 elementor-top-column elementor-element elementor-element-d6a4692\" data-id=\"d6a4692\" data-element_type=\"column\">\n\t\t\t<div class=\"elementor-widget-wrap elementor-element-populated\">\n\t\t\t\t\t\t\t\t<div class=\"elementor-element elementor-element-bef8e86 elementor-widget elementor-widget-page-title\" data-id=\"bef8e86\" data-element_type=\"widget\" data-widget_type=\"page-title.default\">\n\t\t\t\t<div class=\"elementor-widget-container\">\n\t\t\t\t\t\n\t\t<div class=\"hfe-page-title hfe-page-title-wrapper elementor-widget-heading\">\n\n\t\t\t\t\t\t\t\t\t\t\t<a href=\"https:\/\/magnetiplast.com\/tr\/\">\n\t\t\t\t\t\t<h2 class=\"elementor-heading-title elementor-size-default\">\n\t\t\t\t\t\t\t\t\n\t\t\t\tBlog  \n\t\t\t<\/h2 > \n\t\t\t\t\t\t\t\t\t<\/a>\n\t\t\t\t\t<\/div>\n\t\t\t\t<\/div>\n\t\t\t\t<\/div>\n\t\t\t\t\t<\/div>\n\t\t<\/div>\n\t\t\t\t\t\t\t<\/div>\n\t\t<\/section>\n\t\t\t\t<section class=\"elementor-section elementor-top-section elementor-element elementor-element-afdf71c elementor-section-boxed elementor-section-height-default elementor-section-height-default\" data-id=\"afdf71c\" data-element_type=\"section\">\n\t\t\t\t\t\t<div class=\"elementor-container elementor-column-gap-default\">\n\t\t\t\t\t<div class=\"elementor-column elementor-col-100 elementor-top-column elementor-element elementor-element-fba641e\" data-id=\"fba641e\" data-element_type=\"column\">\n\t\t\t<div class=\"elementor-widget-wrap elementor-element-populated\">\n\t\t\t\t\t\t\t\t<div class=\"elementor-element elementor-element-ae68ed1 premium-blog-align-left elementor-widget elementor-widget-premium-addon-blog\" data-id=\"ae68ed1\" data-element_type=\"widget\" data-settings=\"{&quot;premium_blog_columns_number&quot;:&quot;100%&quot;,&quot;premium_blog_grid&quot;:&quot;yes&quot;,&quot;premium_blog_layout&quot;:&quot;even&quot;,&quot;premium_blog_columns_number_tablet&quot;:&quot;50%&quot;,&quot;premium_blog_columns_number_mobile&quot;:&quot;100%&quot;,&quot;scroll_to_offset&quot;:&quot;yes&quot;}\" data-widget_type=\"premium-addon-blog.default\">\n\t\t\t\t<div class=\"elementor-widget-container\">\n\t\t\t\n\t\t\t\t<div class=\"premium-blog-wrap  premium-blog-even\" data-page=\"7327\" data-pagination=\"true\">\n\t\t\t\t\t<div class=\"premium-blog-post-outer-container\" data-total=\"2\">\n\t\t\t<div class=\"premium-blog-post-container premium-blog-skin-classic\">\n\t\t\t\t\t\t\t\t\t<div class=\"premium-blog-thumb-effect-wrapper\">\n\t\t\t\t\t\t<div class=\"premium-blog-thumbnail-container premium-blog-zoomin-effect\">\n\t\t\t\t\t\t\t<img decoding=\"async\" width=\"1000\" height=\"727\" data-src=\"https:\/\/magnetiplast.com\/wp-content\/uploads\/2024\/08\/Yerden-Dusakabin-Modelleri.webp\" class=\"attachment-full size-full wp-image-7567 lazyload\" alt=\"\" loading=\"lazy\" data-srcset=\"https:\/\/magnetiplast.com\/wp-content\/uploads\/2024\/08\/Yerden-Dusakabin-Modelleri.webp 1000w, https:\/\/magnetiplast.com\/wp-content\/uploads\/2024\/08\/Yerden-Dusakabin-Modelleri-300x218.webp 300w, https:\/\/magnetiplast.com\/wp-content\/uploads\/2024\/08\/Yerden-Dusakabin-Modelleri-768x558.webp 768w\" data-sizes=\"(max-width: 1000px) 100vw, 1000px\" src=\"data:image\/gif;base64,R0lGODlhAQABAAAAACH5BAEKAAEALAAAAAABAAEAAAICTAEAOw==\" style=\"--smush-placeholder-width: 1000px; --smush-placeholder-aspect-ratio: 1000\/727;\" \/><noscript><img decoding=\"async\" width=\"1000\" height=\"727\" src=\"https:\/\/magnetiplast.com\/wp-content\/uploads\/2024\/08\/Yerden-Dusakabin-Modelleri.webp\" class=\"attachment-full size-full wp-image-7567\" alt=\"\" loading=\"lazy\" srcset=\"https:\/\/magnetiplast.com\/wp-content\/uploads\/2024\/08\/Yerden-Dusakabin-Modelleri.webp 1000w, https:\/\/magnetiplast.com\/wp-content\/uploads\/2024\/08\/Yerden-Dusakabin-Modelleri-300x218.webp 300w, https:\/\/magnetiplast.com\/wp-content\/uploads\/2024\/08\/Yerden-Dusakabin-Modelleri-768x558.webp 768w\" sizes=\"(max-width: 1000px) 100vw, 1000px\" \/><\/noscript>\t\t\t\t\t\t<\/div>\n\t\t\t\t\t\t\t\t\t\t\t\t\t<div class=\"premium-blog-thumbnail-overlay\">\n\t\t\t\t\t\t\t\t<a class=\"elementor-icon\" href=\"https:\/\/magnetiplast.com\/tr\/yerden-dusakabin-modelleri\/\" target=\"_blank\" aria-hidden=\"true\"><span>Yerden Du\u015fakabin Modelleri<\/span><\/a>\n\t\t\t\t\t\t\t<\/div>\n\n\t\t\t\t\t\t\t\t\t\t\t\t\t\t\t\t\t\t<\/div>\n\t\t\t\t\t\t\t\t\t\t\t\t<div class=\"premium-blog-content-wrapper \">\n\n\t\t\t\t\t<div class=\"premium-blog-inner-container\">\n\n\t\t\t\t\t\t\t\t\t\t\t\t\t\t<h2 class=\"premium-blog-entry-title\">\n\t\t\t<a href=\"https:\/\/magnetiplast.com\/tr\/yerden-dusakabin-modelleri\/\" target=\"_blank\">\n\t\t\t\tYerden Du\u015fakabin Modelleri\t\t\t<\/a>\n\t\t<\/h2>\n\t\t\t\t<div class=\"premium-blog-entry-meta\">\n\t\t\t\n\t\t\t\t\t\t\t<span class=\"premium-blog-meta-separator\">\u2022<\/span>\n\t\t\t\t<div class=\"premium-blog-post-time premium-blog-meta-data\">\n\t\t\t\t\t<i class=\"fa fa-calendar-alt\" aria-hidden=\"true\"><\/i>\n\t\t\t\t\t<span>A\u011fustos 7, 2024<\/span>\n\t\t\t\t<\/div>\n\t\t\t\n\t\t\t\t\t\t\t<span class=\"premium-blog-meta-separator\">\u2022<\/span>\n\t\t\t\t<div class=\"premium-blog-post-categories premium-blog-meta-data\">\n\t\t\t\t\t<i class=\"fa fa-align-left fa-fw\" aria-hidden=\"true\"><\/i>\n\t\t\t\t\t<a href=\"https:\/\/magnetiplast.com\/tr\/category\/uncategorized-tr\/\" rel=\"category tag\">Uncategorized @tr<\/a>\t\t\t\t<\/div>\n\t\t\t\n\t\t\t\t\t<\/div>\n\t\t\n\t\t\t\t\t<\/div>\n\n\t\t\t\t\t\t\t<div class=\"premium-blog-content-inner-wrapper\">\n\t\t<p class=\"premium-blog-post-content\">Du\u015fakabinler, modern banyolar\u0131n vazge\u00e7ilmez unsurlar\u0131ndan biridir. \u00d6zellikle yerden du\u015fakabin modelleri, estetik g\u00f6r\u00fcn\u00fcmleri ve kullan\u0131m kolayl\u0131klar\u0131 ile dikkat \u00e7eker. Bu modeller, banyolarda daha \u2026<\/p>\t\t<\/div>\n\t\t\t\t\t\t\t\n\t\t\t\t<\/div>\n\t\t\t<\/div>\n\t\t<\/div>\n\n\t\t\t\t<div class=\"premium-blog-post-outer-container\" data-total=\"2\">\n\t\t\t<div class=\"premium-blog-post-container premium-blog-skin-classic\">\n\t\t\t\t\t\t\t\t\t<div class=\"premium-blog-thumb-effect-wrapper\">\n\t\t\t\t\t\t<div class=\"premium-blog-thumbnail-container premium-blog-zoomin-effect\">\n\t\t\t\t\t\t\t<img decoding=\"async\" width=\"540\" height=\"282\" data-src=\"https:\/\/magnetiplast.com\/wp-content\/uploads\/2024\/08\/Dusakabin-Temizleyiciler.jpg\" class=\"attachment-full size-full wp-image-7563 lazyload\" alt=\"\" loading=\"lazy\" data-srcset=\"https:\/\/magnetiplast.com\/wp-content\/uploads\/2024\/08\/Dusakabin-Temizleyiciler.jpg 540w, https:\/\/magnetiplast.com\/wp-content\/uploads\/2024\/08\/Dusakabin-Temizleyiciler-300x157.jpg 300w\" data-sizes=\"(max-width: 540px) 100vw, 540px\" src=\"data:image\/gif;base64,R0lGODlhAQABAAAAACH5BAEKAAEALAAAAAABAAEAAAICTAEAOw==\" style=\"--smush-placeholder-width: 540px; --smush-placeholder-aspect-ratio: 540\/282;\" \/><noscript><img decoding=\"async\" width=\"540\" height=\"282\" src=\"https:\/\/magnetiplast.com\/wp-content\/uploads\/2024\/08\/Dusakabin-Temizleyiciler.jpg\" class=\"attachment-full size-full wp-image-7563\" alt=\"\" loading=\"lazy\" srcset=\"https:\/\/magnetiplast.com\/wp-content\/uploads\/2024\/08\/Dusakabin-Temizleyiciler.jpg 540w, https:\/\/magnetiplast.com\/wp-content\/uploads\/2024\/08\/Dusakabin-Temizleyiciler-300x157.jpg 300w\" sizes=\"(max-width: 540px) 100vw, 540px\" \/><\/noscript>\t\t\t\t\t\t<\/div>\n\t\t\t\t\t\t\t\t\t\t\t\t\t<div class=\"premium-blog-thumbnail-overlay\">\n\t\t\t\t\t\t\t\t<a class=\"elementor-icon\" href=\"https:\/\/magnetiplast.com\/tr\/dusakabin-temizleyiciler\/\" target=\"_blank\" aria-hidden=\"true\"><span>Du\u015fakabin Temizleyiciler<\/span><\/a>\n\t\t\t\t\t\t\t<\/div>\n\n\t\t\t\t\t\t\t\t\t\t\t\t\t\t\t\t\t\t<\/div>\n\t\t\t\t\t\t\t\t\t\t\t\t<div class=\"premium-blog-content-wrapper \">\n\n\t\t\t\t\t<div class=\"premium-blog-inner-container\">\n\n\t\t\t\t\t\t\t\t\t\t\t\t\t\t<h2 class=\"premium-blog-entry-title\">\n\t\t\t<a href=\"https:\/\/magnetiplast.com\/tr\/dusakabin-temizleyiciler\/\" target=\"_blank\">\n\t\t\t\tDu\u015fakabin Temizleyiciler\t\t\t<\/a>\n\t\t<\/h2>\n\t\t\t\t<div class=\"premium-blog-entry-meta\">\n\t\t\t\n\t\t\t\t\t\t\t<span class=\"premium-blog-meta-separator\">\u2022<\/span>\n\t\t\t\t<div class=\"premium-blog-post-time premium-blog-meta-data\">\n\t\t\t\t\t<i class=\"fa fa-calendar-alt\" aria-hidden=\"true\"><\/i>\n\t\t\t\t\t<span>A\u011fustos 7, 2024<\/span>\n\t\t\t\t<\/div>\n\t\t\t\n\t\t\t\t\t\t\t<span class=\"premium-blog-meta-separator\">\u2022<\/span>\n\t\t\t\t<div class=\"premium-blog-post-categories premium-blog-meta-data\">\n\t\t\t\t\t<i class=\"fa fa-align-left fa-fw\" aria-hidden=\"true\"><\/i>\n\t\t\t\t\t<a href=\"https:\/\/magnetiplast.com\/tr\/category\/uncategorized-tr\/\" rel=\"category tag\">Uncategorized @tr<\/a>\t\t\t\t<\/div>\n\t\t\t\n\t\t\t\t\t<\/div>\n\t\t\n\t\t\t\t\t<\/div>\n\n\t\t\t\t\t\t\t<div class=\"premium-blog-content-inner-wrapper\">\n\t\t<p class=\"premium-blog-post-content\">Du\u015fakabinler, banyolar\u0131n en \u00e7ok kullan\u0131lan alanlar\u0131ndan biridir ve hijyenik kalmas\u0131 b\u00fcy\u00fck \u00f6nem ta\u015f\u0131r. Ancak, su lekeleri, sabun kal\u0131nt\u0131lar\u0131 ve kire\u00e7 birikintileri zamanla \u2026<\/p>\t\t<\/div>\n\t\t\t\t\t\t\t\n\t\t\t\t<\/div>\n\t\t\t<\/div>\n\t\t<\/div>\n\n\t\t\t\t<div class=\"premium-blog-post-outer-container\" data-total=\"2\">\n\t\t\t<div class=\"premium-blog-post-container premium-blog-skin-classic\">\n\t\t\t\t\t\t\t\t\t<div class=\"premium-blog-thumb-effect-wrapper\">\n\t\t\t\t\t\t<div class=\"premium-blog-thumbnail-container premium-blog-zoomin-effect\">\n\t\t\t\t\t\t\t<img decoding=\"async\" width=\"626\" height=\"358\" data-src=\"https:\/\/magnetiplast.com\/wp-content\/uploads\/2024\/07\/Dusakabin-Cam-Modelleri.png\" class=\"attachment-full size-full wp-image-7500 lazyload\" alt=\"\" loading=\"lazy\" data-srcset=\"https:\/\/magnetiplast.com\/wp-content\/uploads\/2024\/07\/Dusakabin-Cam-Modelleri.png 626w, https:\/\/magnetiplast.com\/wp-content\/uploads\/2024\/07\/Dusakabin-Cam-Modelleri-300x172.png 300w\" data-sizes=\"(max-width: 626px) 100vw, 626px\" src=\"data:image\/gif;base64,R0lGODlhAQABAAAAACH5BAEKAAEALAAAAAABAAEAAAICTAEAOw==\" style=\"--smush-placeholder-width: 626px; --smush-placeholder-aspect-ratio: 626\/358;\" \/><noscript><img decoding=\"async\" width=\"626\" height=\"358\" src=\"https:\/\/magnetiplast.com\/wp-content\/uploads\/2024\/07\/Dusakabin-Cam-Modelleri.png\" class=\"attachment-full size-full wp-image-7500\" alt=\"\" loading=\"lazy\" srcset=\"https:\/\/magnetiplast.com\/wp-content\/uploads\/2024\/07\/Dusakabin-Cam-Modelleri.png 626w, https:\/\/magnetiplast.com\/wp-content\/uploads\/2024\/07\/Dusakabin-Cam-Modelleri-300x172.png 300w\" sizes=\"(max-width: 626px) 100vw, 626px\" \/><\/noscript>\t\t\t\t\t\t<\/div>\n\t\t\t\t\t\t\t\t\t\t\t\t\t<div class=\"premium-blog-thumbnail-overlay\">\n\t\t\t\t\t\t\t\t<a class=\"elementor-icon\" href=\"https:\/\/magnetiplast.com\/tr\/dusakabin-cam-modelleri\/\" target=\"_blank\" aria-hidden=\"true\"><span>Du\u015fakabin Cam Modelleri<\/span><\/a>\n\t\t\t\t\t\t\t<\/div>\n\n\t\t\t\t\t\t\t\t\t\t\t\t\t\t\t\t\t\t<\/div>\n\t\t\t\t\t\t\t\t\t\t\t\t<div class=\"premium-blog-content-wrapper \">\n\n\t\t\t\t\t<div class=\"premium-blog-inner-container\">\n\n\t\t\t\t\t\t\t\t\t\t\t\t\t\t<h2 class=\"premium-blog-entry-title\">\n\t\t\t<a href=\"https:\/\/magnetiplast.com\/tr\/dusakabin-cam-modelleri\/\" target=\"_blank\">\n\t\t\t\tDu\u015fakabin Cam Modelleri\t\t\t<\/a>\n\t\t<\/h2>\n\t\t\t\t<div class=\"premium-blog-entry-meta\">\n\t\t\t\n\t\t\t\t\t\t\t<span class=\"premium-blog-meta-separator\">\u2022<\/span>\n\t\t\t\t<div class=\"premium-blog-post-time premium-blog-meta-data\">\n\t\t\t\t\t<i class=\"fa fa-calendar-alt\" aria-hidden=\"true\"><\/i>\n\t\t\t\t\t<span>Temmuz 22, 2024<\/span>\n\t\t\t\t<\/div>\n\t\t\t\n\t\t\t\t\t\t\t<span class=\"premium-blog-meta-separator\">\u2022<\/span>\n\t\t\t\t<div class=\"premium-blog-post-categories premium-blog-meta-data\">\n\t\t\t\t\t<i class=\"fa fa-align-left fa-fw\" aria-hidden=\"true\"><\/i>\n\t\t\t\t\t<a href=\"https:\/\/magnetiplast.com\/tr\/category\/uncategorized-tr\/\" rel=\"category tag\">Uncategorized @tr<\/a>\t\t\t\t<\/div>\n\t\t\t\n\t\t\t\t\t<\/div>\n\t\t\n\t\t\t\t\t<\/div>\n\n\t\t\t\t\t\t\t<div class=\"premium-blog-content-inner-wrapper\">\n\t\t<p class=\"premium-blog-post-content\">Du\u015fakabin cam modelleri, banyonuza hem i\u015flevsellik hem de estetik bir de\u011fer katmak i\u00e7in \u00e7e\u015fitli se\u00e7enekler sunar. \u0130\u015fte pop\u00fcler du\u015fakabin cam modelleri: Temperli \u2026<\/p>\t\t<\/div>\n\t\t\t\t\t\t\t\n\t\t\t\t<\/div>\n\t\t\t<\/div>\n\t\t<\/div>\n\n\t\t\t\t<div class=\"premium-blog-post-outer-container\" data-total=\"2\">\n\t\t\t<div class=\"premium-blog-post-container premium-blog-skin-classic\">\n\t\t\t\t\t\t\t\t\t<div class=\"premium-blog-thumb-effect-wrapper\">\n\t\t\t\t\t\t<div class=\"premium-blog-thumbnail-container premium-blog-zoomin-effect\">\n\t\t\t\t\t\t\t<img decoding=\"async\" width=\"1200\" height=\"874\" data-src=\"https:\/\/magnetiplast.com\/wp-content\/uploads\/2024\/07\/dusakabin-renkleri.jpg\" class=\"attachment-full size-full wp-image-7480 lazyload\" alt=\"\" loading=\"lazy\" data-srcset=\"https:\/\/magnetiplast.com\/wp-content\/uploads\/2024\/07\/dusakabin-renkleri.jpg 1200w, https:\/\/magnetiplast.com\/wp-content\/uploads\/2024\/07\/dusakabin-renkleri-300x219.jpg 300w, https:\/\/magnetiplast.com\/wp-content\/uploads\/2024\/07\/dusakabin-renkleri-1024x746.jpg 1024w, https:\/\/magnetiplast.com\/wp-content\/uploads\/2024\/07\/dusakabin-renkleri-768x559.jpg 768w\" data-sizes=\"(max-width: 1200px) 100vw, 1200px\" src=\"data:image\/gif;base64,R0lGODlhAQABAAAAACH5BAEKAAEALAAAAAABAAEAAAICTAEAOw==\" style=\"--smush-placeholder-width: 1200px; --smush-placeholder-aspect-ratio: 1200\/874;\" \/><noscript><img decoding=\"async\" width=\"1200\" height=\"874\" src=\"https:\/\/magnetiplast.com\/wp-content\/uploads\/2024\/07\/dusakabin-renkleri.jpg\" class=\"attachment-full size-full wp-image-7480\" alt=\"\" loading=\"lazy\" srcset=\"https:\/\/magnetiplast.com\/wp-content\/uploads\/2024\/07\/dusakabin-renkleri.jpg 1200w, https:\/\/magnetiplast.com\/wp-content\/uploads\/2024\/07\/dusakabin-renkleri-300x219.jpg 300w, https:\/\/magnetiplast.com\/wp-content\/uploads\/2024\/07\/dusakabin-renkleri-1024x746.jpg 1024w, https:\/\/magnetiplast.com\/wp-content\/uploads\/2024\/07\/dusakabin-renkleri-768x559.jpg 768w\" sizes=\"(max-width: 1200px) 100vw, 1200px\" \/><\/noscript>\t\t\t\t\t\t<\/div>\n\t\t\t\t\t\t\t\t\t\t\t\t\t<div class=\"premium-blog-thumbnail-overlay\">\n\t\t\t\t\t\t\t\t<a class=\"elementor-icon\" href=\"https:\/\/magnetiplast.com\/tr\/dusakabin-renkleri-nelerdir\/\" target=\"_blank\" aria-hidden=\"true\"><span>Du\u015fakabin Renkleri Nelerdir?<\/span><\/a>\n\t\t\t\t\t\t\t<\/div>\n\n\t\t\t\t\t\t\t\t\t\t\t\t\t\t\t\t\t\t<\/div>\n\t\t\t\t\t\t\t\t\t\t\t\t<div class=\"premium-blog-content-wrapper \">\n\n\t\t\t\t\t<div class=\"premium-blog-inner-container\">\n\n\t\t\t\t\t\t\t\t\t\t\t\t\t\t<h2 class=\"premium-blog-entry-title\">\n\t\t\t<a href=\"https:\/\/magnetiplast.com\/tr\/dusakabin-renkleri-nelerdir\/\" target=\"_blank\">\n\t\t\t\tDu\u015fakabin Renkleri Nelerdir?\t\t\t<\/a>\n\t\t<\/h2>\n\t\t\t\t<div class=\"premium-blog-entry-meta\">\n\t\t\t\n\t\t\t\t\t\t\t<span class=\"premium-blog-meta-separator\">\u2022<\/span>\n\t\t\t\t<div class=\"premium-blog-post-time premium-blog-meta-data\">\n\t\t\t\t\t<i class=\"fa fa-calendar-alt\" aria-hidden=\"true\"><\/i>\n\t\t\t\t\t<span>Temmuz 15, 2024<\/span>\n\t\t\t\t<\/div>\n\t\t\t\n\t\t\t\t\t\t\t<span class=\"premium-blog-meta-separator\">\u2022<\/span>\n\t\t\t\t<div class=\"premium-blog-post-categories premium-blog-meta-data\">\n\t\t\t\t\t<i class=\"fa fa-align-left fa-fw\" aria-hidden=\"true\"><\/i>\n\t\t\t\t\t<a href=\"https:\/\/magnetiplast.com\/tr\/category\/uncategorized-tr\/\" rel=\"category tag\">Uncategorized @tr<\/a>\t\t\t\t<\/div>\n\t\t\t\n\t\t\t\t\t<\/div>\n\t\t\n\t\t\t\t\t<\/div>\n\n\t\t\t\t\t\t\t<div class=\"premium-blog-content-inner-wrapper\">\n\t\t<p class=\"premium-blog-post-content\">Du\u015fakabin renkleri, banyonuzun genel dekorasyonuna uyum sa\u011flayarak estetik bir g\u00f6r\u00fcn\u00fcm kazand\u0131rmak i\u00e7in \u00e7e\u015fitli se\u00e7enekler sunar. \u0130\u015fte yayg\u0131n olarak tercih edilen du\u015fakabin renkleri: \u2026<\/p>\t\t<\/div>\n\t\t\t\t\t\t\t\n\t\t\t\t<\/div>\n\t\t\t<\/div>\n\t\t<\/div>\n\n\t\t\t\t<div class=\"premium-blog-post-outer-container\" data-total=\"2\">\n\t\t\t<div class=\"premium-blog-post-container premium-blog-skin-classic\">\n\t\t\t\t\t\t\t\t\t<div class=\"premium-blog-thumb-effect-wrapper\">\n\t\t\t\t\t\t<div class=\"premium-blog-thumbnail-container premium-blog-zoomin-effect\">\n\t\t\t\t\t\t\t<img decoding=\"async\" width=\"1024\" height=\"668\" data-src=\"https:\/\/magnetiplast.com\/wp-content\/uploads\/2024\/06\/dusakabin-cami-nerde-satilir.jpg\" class=\"attachment-full size-full wp-image-7304 lazyload\" alt=\"\" loading=\"lazy\" data-srcset=\"https:\/\/magnetiplast.com\/wp-content\/uploads\/2024\/06\/dusakabin-cami-nerde-satilir.jpg 1024w, https:\/\/magnetiplast.com\/wp-content\/uploads\/2024\/06\/dusakabin-cami-nerde-satilir-300x196.jpg 300w, https:\/\/magnetiplast.com\/wp-content\/uploads\/2024\/06\/dusakabin-cami-nerde-satilir-768x501.jpg 768w\" data-sizes=\"(max-width: 1024px) 100vw, 1024px\" src=\"data:image\/gif;base64,R0lGODlhAQABAAAAACH5BAEKAAEALAAAAAABAAEAAAICTAEAOw==\" style=\"--smush-placeholder-width: 1024px; --smush-placeholder-aspect-ratio: 1024\/668;\" \/><noscript><img decoding=\"async\" width=\"1024\" height=\"668\" src=\"https:\/\/magnetiplast.com\/wp-content\/uploads\/2024\/06\/dusakabin-cami-nerde-satilir.jpg\" class=\"attachment-full size-full wp-image-7304\" alt=\"\" loading=\"lazy\" srcset=\"https:\/\/magnetiplast.com\/wp-content\/uploads\/2024\/06\/dusakabin-cami-nerde-satilir.jpg 1024w, https:\/\/magnetiplast.com\/wp-content\/uploads\/2024\/06\/dusakabin-cami-nerde-satilir-300x196.jpg 300w, https:\/\/magnetiplast.com\/wp-content\/uploads\/2024\/06\/dusakabin-cami-nerde-satilir-768x501.jpg 768w\" sizes=\"(max-width: 1024px) 100vw, 1024px\" \/><\/noscript>\t\t\t\t\t\t<\/div>\n\t\t\t\t\t\t\t\t\t\t\t\t\t<div class=\"premium-blog-thumbnail-overlay\">\n\t\t\t\t\t\t\t\t<a class=\"elementor-icon\" href=\"https:\/\/magnetiplast.com\/tr\/dusakabin-cami-nerede-satilir-nasil-degistirilir\/\" target=\"_blank\" aria-hidden=\"true\"><span>Du\u015fakabin Cam\u0131 Nerede Sat\u0131l\u0131r? Nas\u0131l De\u011fi\u015ftirilir?<\/span><\/a>\n\t\t\t\t\t\t\t<\/div>\n\n\t\t\t\t\t\t\t\t\t\t\t\t\t\t\t\t\t\t<\/div>\n\t\t\t\t\t\t\t\t\t\t\t\t<div class=\"premium-blog-content-wrapper \">\n\n\t\t\t\t\t<div class=\"premium-blog-inner-container\">\n\n\t\t\t\t\t\t\t\t\t\t\t\t\t\t<h2 class=\"premium-blog-entry-title\">\n\t\t\t<a href=\"https:\/\/magnetiplast.com\/tr\/dusakabin-cami-nerede-satilir-nasil-degistirilir\/\" target=\"_blank\">\n\t\t\t\tDu\u015fakabin Cam\u0131 Nerede Sat\u0131l\u0131r? Nas\u0131l De\u011fi\u015ftirilir?\t\t\t<\/a>\n\t\t<\/h2>\n\t\t\t\t<div class=\"premium-blog-entry-meta\">\n\t\t\t\n\t\t\t\t\t\t\t<span class=\"premium-blog-meta-separator\">\u2022<\/span>\n\t\t\t\t<div class=\"premium-blog-post-time premium-blog-meta-data\">\n\t\t\t\t\t<i class=\"fa fa-calendar-alt\" aria-hidden=\"true\"><\/i>\n\t\t\t\t\t<span>Haziran 20, 2024<\/span>\n\t\t\t\t<\/div>\n\t\t\t\n\t\t\t\t\t\t\t<span class=\"premium-blog-meta-separator\">\u2022<\/span>\n\t\t\t\t<div class=\"premium-blog-post-categories premium-blog-meta-data\">\n\t\t\t\t\t<i class=\"fa fa-align-left fa-fw\" aria-hidden=\"true\"><\/i>\n\t\t\t\t\t<a href=\"https:\/\/magnetiplast.com\/tr\/category\/uncategorized-tr\/\" rel=\"category tag\">Uncategorized @tr<\/a>\t\t\t\t<\/div>\n\t\t\t\n\t\t\t\t\t<\/div>\n\t\t\n\t\t\t\t\t<\/div>\n\n\t\t\t\t\t\t\t<div class=\"premium-blog-content-inner-wrapper\">\n\t\t<p class=\"premium-blog-post-content\">Du\u015fakabin cam\u0131 sat\u0131n almak istedi\u011finizde, bir\u00e7ok se\u00e7enek mevcuttur. \u0130htiyac\u0131n\u0131za uygun cam\u0131 bulabilece\u011finiz yerler ve ipu\u00e7lar\u0131 a\u015fa\u011f\u0131da s\u0131ralanm\u0131\u015ft\u0131r: 1. Banyo ve Mutfak Ma\u011fazalar\u0131 \u2026<\/p>\t\t<\/div>\n\t\t\t\t\t\t\t\n\t\t\t\t<\/div>\n\t\t\t<\/div>\n\t\t<\/div>\n\n\t\t\t\t<\/div>\n\n\t\t\t\t<div class=\"premium-blog-footer\">\n\t\t\t\t\t\t<nav class=\"premium-blog-pagination-container\" role=\"navigation\" aria-label=\"Pagination\">\n\t\t\t\t<span class=\"page-numbers current\">1<\/span>\n<a class=\"page-numbers\" href=\"https:\/\/magnetiplast.com\/tr\/wp-json\/wp\/v2\/pages\/7327\/page\/2\/\">2<\/a>\n<a class=\"next page-numbers\" href=\"https:\/\/magnetiplast.com\/tr\/wp-json\/wp\/v2\/pages\/7327\/page\/2\/\">Sonraki \u00bb<\/a>\t\t\t<\/nav>\n\t\t\t\t\t<\/div>\n\t\t\t\t\t<\/div>\n\t\t\t\t<\/div>\n\t\t\t\t\t<\/div>\n\t\t<\/div>\n\t\t\t\t\t\t\t<\/div>\n\t\t<\/section>\n\t\t\t\t\t\t\t<\/div>\n\t\t","protected":false},"excerpt":{"rendered":"<p>Du\u015fakabin Temizli\u011fi Nas\u0131l Yap\u0131l\u0131r? Du\u015fakabin Cam\u0131 Nerede Sat\u0131l\u0131r? Nas\u0131l De\u011fi\u015ftirilir? Du\u015fakabin Cam\u0131 Nerede Sat\u0131l\u0131r? Nas\u0131l De\u011fi\u015ftirilir? \u2022 June 20, 2024 \u2022 Uncategorized @tr Du\u015fakabin cam\u0131 sat\u0131n almak istedi\u011finizde, bir\u00e7ok se\u00e7enek mevcuttur. \u0130htiyac\u0131n\u0131za uygun cam\u0131 bulabilece\u011finiz yerler ve ipu\u00e7lar\u0131 a\u015fa\u011f\u0131da s\u0131ralanm\u0131\u015ft\u0131r: 1. Banyo ve Mutfak Ma\u011fazalar\u0131 \u2026 Du\u015fakabin Tekerle\u011fi Nas\u0131l Tak\u0131l\u0131r? Du\u015fakabin Tekerle\u011fi Nas\u0131l Tak\u0131l\u0131r? \u2022 &#8230; <a title=\"Du\u015fakabin Cam\u0131 Nerede Sat\u0131l\u0131r? Nas\u0131l De\u011fi\u015ftirilir?\" class=\"read-more\" href=\"https:\/\/magnetiplast.com\/tr\/dusakabin-cami-nerede-satilir-nasil-degistirilir\/\" aria-label=\"More on Du\u015fakabin Cam\u0131 Nerede Sat\u0131l\u0131r? Nas\u0131l De\u011fi\u015ftirilir?\">Devam\u0131n\u0131 oku&#8230;<\/a><\/p>\n","protected":false},"author":1,"featured_media":0,"parent":0,"menu_order":0,"comment_status":"closed","ping_status":"closed","template":"elementor_theme","meta":[],"_links":{"self":[{"href":"https:\/\/magnetiplast.com\/tr\/wp-json\/wp\/v2\/pages\/7327"}],"collection":[{"href":"https:\/\/magnetiplast.com\/tr\/wp-json\/wp\/v2\/pages"}],"about":[{"href":"https:\/\/magnetiplast.com\/tr\/wp-json\/wp\/v2\/types\/page"}],"author":[{"embeddable":true,"href":"https:\/\/magnetiplast.com\/tr\/wp-json\/wp\/v2\/users\/1"}],"replies":[{"embeddable":true,"href":"https:\/\/magnetiplast.com\/tr\/wp-json\/wp\/v2\/comments?post=7327"}],"version-history":[{"count":28,"href":"https:\/\/magnetiplast.com\/tr\/wp-json\/wp\/v2\/pages\/7327\/revisions"}],"predecessor-version":[{"id":7410,"href":"https:\/\/magnetiplast.com\/tr\/wp-json\/wp\/v2\/pages\/7327\/revisions\/7410"}],"wp:attachment":[{"href":"https:\/\/magnetiplast.com\/tr\/wp-json\/wp\/v2\/media?parent=7327"}],"curies":[{"name":"wp","href":"https:\/\/api.w.org\/{rel}","templated":true}]}}